{"id":737,"date":"2025-08-20T11:16:03","date_gmt":"2025-08-20T11:16:03","guid":{"rendered":"https:\/\/sckyachtdesign.com\/?page_id=737"},"modified":"2025-08-20T12:58:13","modified_gmt":"2025-08-20T12:58:13","slug":"34-meters-yacht-project","status":"publish","type":"page","link":"https:\/\/sckyachtdesign.com\/tr\/34-meters-yacht-project\/","title":{"rendered":"34 METERS YACHT PROJECT"},"content":{"rendered":"<div data-elementor-type=\"wp-page\" data-elementor-id=\"737\" class=\"elementor elementor-737\">\n\t\t\t\t\t\t<section class=\"elementor-section elementor-top-section elementor-element elementor-element-68ff3192 elementor-section-height-min-height elementor-section-content-middle elementor-section-boxed elementor-section-height-default elementor-section-items-middle\" data-id=\"68ff3192\" data-element_type=\"section\" data-settings=\"{&quot;background_background&quot;:&quot;classic&quot;}\">\n\t\t\t\t\t\t\t<div class=\"elementor-background-overlay\"><\/div>\n\t\t\t\t\t\t\t<div class=\"elementor-container elementor-column-gap-default\">\n\t\t\t\t\t<div class=\"elementor-column elementor-col-100 elementor-top-column elementor-element elementor-element-6a2f87fc\" data-id=\"6a2f87fc\" data-element_type=\"column\">\n\t\t\t<div class=\"elementor-widget-wrap elementor-element-populated\">\n\t\t\t\t\t\t<div class=\"elementor-element elementor-element-7cd7a9a elementor-invisible elementor-widget elementor-widget-heading\" data-id=\"7cd7a9a\" data-element_type=\"widget\" data-settings=\"{&quot;_animation&quot;:&quot;fadeIn&quot;}\" data-widget_type=\"heading.default\">\n\t\t\t\t\t<h2 class=\"elementor-heading-title elementor-size-default\">PROJE DETAYLARI<\/h2>\t\t\t\t<\/div>\n\t\t\t\t<div class=\"elementor-element elementor-element-3be0f7b1 elementor-icon-list--layout-inline elementor-align-center elementor-list-item-link-full_width elementor-invisible elementor-widget elementor-widget-icon-list\" data-id=\"3be0f7b1\" data-element_type=\"widget\" data-settings=\"{&quot;_animation&quot;:&quot;fadeIn&quot;,&quot;_animation_delay&quot;:200}\" data-widget_type=\"icon-list.default\">\n\t\t\t\t\t\t\t<ul class=\"elementor-icon-list-items elementor-inline-items\">\n\t\t\t\t\t\t\t<li class=\"elementor-icon-list-item elementor-inline-item\">\n\t\t\t\t\t\t\t\t\t\t\t<a href=\"#\">\n\n\t\t\t\t\t\t\t\t\t\t\t<span class=\"elementor-icon-list-text\">Anasayfa<\/span>\n\t\t\t\t\t\t\t\t\t\t\t<\/a>\n\t\t\t\t\t\t\t\t\t<\/li>\n\t\t\t\t\t\t\t\t<li class=\"elementor-icon-list-item elementor-inline-item\">\n\t\t\t\t\t\t\t\t\t\t\t<a href=\"#\">\n\n\t\t\t\t\t\t\t\t\t\t\t\t<span class=\"elementor-icon-list-icon\">\n\t\t\t\t\t\t\t<i aria-hidden=\"true\" class=\"icon icon-right-arrow\"><\/i>\t\t\t\t\t\t<\/span>\n\t\t\t\t\t\t\t\t\t\t<span class=\"elementor-icon-list-text\">Projelerimiz<\/span>\n\t\t\t\t\t\t\t\t\t\t\t<\/a>\n\t\t\t\t\t\t\t\t\t<\/li>\n\t\t\t\t\t\t<\/ul>\n\t\t\t\t\t\t<\/div>\n\t\t\t\t\t<\/div>\n\t\t<\/div>\n\t\t\t\t\t<\/div>\n\t\t<\/section>\n\t\t\t\t<section class=\"elementor-section elementor-top-section elementor-element elementor-element-773264a0 elementor-section-boxed elementor-section-height-default elementor-section-height-default\" data-id=\"773264a0\" data-element_type=\"section\">\n\t\t\t\t\t\t<div class=\"elementor-container elementor-column-gap-default\">\n\t\t\t\t\t<div class=\"elementor-column elementor-col-100 elementor-top-column elementor-element elementor-element-5d9ec1d1\" data-id=\"5d9ec1d1\" data-element_type=\"column\">\n\t\t\t<div class=\"elementor-widget-wrap elementor-element-populated\">\n\t\t\t\t\t\t<section class=\"elementor-section elementor-inner-section elementor-element elementor-element-2ed89473 elementor-section-boxed elementor-section-height-default elementor-section-height-default\" data-id=\"2ed89473\" data-element_type=\"section\">\n\t\t\t\t\t\t<div class=\"elementor-container elementor-column-gap-default\">\n\t\t\t\t\t<div class=\"elementor-column elementor-col-50 elementor-inner-column elementor-element elementor-element-6e6f7fac\" data-id=\"6e6f7fac\" data-element_type=\"column\">\n\t\t\t<div class=\"elementor-widget-wrap elementor-element-populated\">\n\t\t\t\t\t\t<div class=\"elementor-element elementor-element-7d17bcce elementor-widget elementor-widget-heading\" data-id=\"7d17bcce\" data-element_type=\"widget\" data-widget_type=\"heading.default\">\n\t\t\t\t\t<h2 class=\"elementor-heading-title elementor-size-default\">34 METRE YAT TASARIMI<\/h2>\t\t\t\t<\/div>\n\t\t\t\t\t<\/div>\n\t\t<\/div>\n\t\t\t\t<div class=\"elementor-column elementor-col-50 elementor-inner-column elementor-element elementor-element-3dfb5592\" data-id=\"3dfb5592\" data-element_type=\"column\">\n\t\t\t<div class=\"elementor-widget-wrap elementor-element-populated\">\n\t\t\t\t\t\t<div class=\"elementor-element elementor-element-184a22c2 elementor-icon-list--layout-inline elementor-align-right elementor-mobile-align-left elementor-list-item-link-full_width elementor-widget elementor-widget-icon-list\" data-id=\"184a22c2\" data-element_type=\"widget\" data-widget_type=\"icon-list.default\">\n\t\t\t\t\t\t\t<ul class=\"elementor-icon-list-items elementor-inline-items\">\n\t\t\t\t\t\t\t<li class=\"elementor-icon-list-item elementor-inline-item\">\n\t\t\t\t\t\t\t\t\t\t\t<span class=\"elementor-icon-list-icon\">\n\t\t\t\t\t\t\t<i aria-hidden=\"true\" class=\"icon icon-calendar-1\"><\/i>\t\t\t\t\t\t<\/span>\n\t\t\t\t\t\t\t\t\t\t<span class=\"elementor-icon-list-text\">2025<\/span>\n\t\t\t\t\t\t\t\t\t<\/li>\n\t\t\t\t\t\t<\/ul>\n\t\t\t\t\t\t<\/div>\n\t\t\t\t\t<\/div>\n\t\t<\/div>\n\t\t\t\t\t<\/div>\n\t\t<\/section>\n\t\t\t\t<section class=\"elementor-section elementor-inner-section elementor-element elementor-element-6b3785d9 elementor-section-content-middle elementor-widget__width-inherit elementor-section-boxed elementor-section-height-default elementor-section-height-default\" data-id=\"6b3785d9\" data-element_type=\"section\">\n\t\t\t\t\t\t<div class=\"elementor-container elementor-column-gap-default\">\n\t\t\t\t\t<div class=\"elementor-column elementor-col-100 elementor-inner-column elementor-element elementor-element-f720b65\" data-id=\"f720b65\" data-element_type=\"column\">\n\t\t\t<div class=\"elementor-widget-wrap elementor-element-populated\">\n\t\t\t\t\t\t<div class=\"elementor-element elementor-element-3e290ab3 elementor-widget-divider--view-line elementor-widget elementor-widget-divider\" data-id=\"3e290ab3\" data-element_type=\"widget\" data-widget_type=\"divider.default\">\n\t\t\t\t\t\t\t<div class=\"elementor-divider\">\n\t\t\t<span class=\"elementor-divider-separator\">\n\t\t\t\t\t\t<\/span>\n\t\t<\/div>\n\t\t\t\t\t\t<\/div>\n\t\t\t\t<div class=\"elementor-element elementor-element-676e078e elementor-widget__width-initial elementor-widget elementor-widget-text-editor\" data-id=\"676e078e\" data-element_type=\"widget\" data-widget_type=\"text-editor.default\">\n\t\t\t\t\t\t\t\t\t<p>Uzunluk<\/p>\t\t\t\t\t\t\t\t<\/div>\n\t\t\t\t<div class=\"elementor-element elementor-element-5b694d88 elementor-widget__width-auto elementor-widget elementor-widget-text-editor\" data-id=\"5b694d88\" data-element_type=\"widget\" data-widget_type=\"text-editor.default\">\n\t\t\t\t\t\t\t\t\t<p>34 METRE<\/p>\t\t\t\t\t\t\t\t<\/div>\n\t\t\t\t<div class=\"elementor-element elementor-element-383370ed elementor-widget-divider--view-line elementor-widget elementor-widget-divider\" data-id=\"383370ed\" data-element_type=\"widget\" data-widget_type=\"divider.default\">\n\t\t\t\t\t\t\t<div class=\"elementor-divider\">\n\t\t\t<span class=\"elementor-divider-separator\">\n\t\t\t\t\t\t<\/span>\n\t\t<\/div>\n\t\t\t\t\t\t<\/div>\n\t\t\t\t<div class=\"elementor-element elementor-element-37114cde elementor-widget__width-initial elementor-widget elementor-widget-text-editor\" data-id=\"37114cde\" data-element_type=\"widget\" data-widget_type=\"text-editor.default\">\n\t\t\t\t\t\t\t\t\t<p>YETK\u0130L\u0130 F\u0130RMA<\/p>\t\t\t\t\t\t\t\t<\/div>\n\t\t\t\t<div class=\"elementor-element elementor-element-398e8609 elementor-widget__width-initial elementor-widget elementor-widget-text-editor\" data-id=\"398e8609\" data-element_type=\"widget\" data-widget_type=\"text-editor.default\">\n\t\t\t\t\t\t\t\t\t<p>SCK YACHT DESIGN<\/p>\t\t\t\t\t\t\t\t<\/div>\n\t\t\t\t\t<\/div>\n\t\t<\/div>\n\t\t\t\t\t<\/div>\n\t\t<\/section>\n\t\t\t\t<div class=\"elementor-element elementor-element-24081ebf elementor-widget elementor-widget-heading\" data-id=\"24081ebf\" data-element_type=\"widget\" data-widget_type=\"heading.default\">\n\t\t\t\t\t<h3 class=\"elementor-heading-title elementor-size-default\">Proje Galerisi<\/h3>\t\t\t\t<\/div>\n\t\t\t\t<div class=\"elementor-element elementor-element-2c0ded57 gallery-spacing-custom elementor-widget elementor-widget-image-gallery\" data-id=\"2c0ded57\" data-element_type=\"widget\" data-widget_type=\"image-gallery.default\">\n\t\t\t\t\t\t\t<div class=\"elementor-image-gallery\">\n\t\t\t<div id='gallery-1' class='gallery galleryid-737 gallery-columns-2 gallery-size-large'><figure class='gallery-item'>\n\t\t\t<div class='gallery-icon landscape'>\n\t\t\t\t<a data-elementor-open-lightbox=\"yes\" data-elementor-lightbox-slideshow=\"2c0ded57\" data-elementor-lightbox- data-e-action-hash=\"#elementor-action%3Aaction%3Dlightbox%26settings%3DeyJpZCI6NzUzLCJ1cmwiOiJodHRwczpcL1wvc2NreWFjaHRkZXNpZ24uY29tXC93cC1jb250ZW50XC91cGxvYWRzXC8yMDI1XC8wOFwvbWVuZ2kud2VicCIsInNsaWRlc2hvdyI6IjJjMGRlZDU3In0%3D\" href='https:\/\/sckyachtdesign.com\/wp-content\/uploads\/2025\/08\/mengi.webp'><img fetchpriority=\"high\" decoding=\"async\" width=\"800\" height=\"600\" src=\"https:\/\/sckyachtdesign.com\/wp-content\/uploads\/2025\/08\/mengi-1024x768.webp\" class=\"attachment-large size-large\" alt=\"\" srcset=\"https:\/\/sckyachtdesign.com\/wp-content\/uploads\/2025\/08\/mengi-1024x768.webp 1024w, https:\/\/sckyachtdesign.com\/wp-content\/uploads\/2025\/08\/mengi-300x225.webp 300w, https:\/\/sckyachtdesign.com\/wp-content\/uploads\/2025\/08\/mengi-768x576.webp 768w, https:\/\/sckyachtdesign.com\/wp-content\/uploads\/2025\/08\/mengi-1536x1152.webp 1536w, https:\/\/sckyachtdesign.com\/wp-content\/uploads\/2025\/08\/mengi.webp 1600w\" sizes=\"(max-width: 800px) 100vw, 800px\" \/><\/a>\n\t\t\t<\/div><\/figure><figure class='gallery-item'>\n\t\t\t<div class='gallery-icon landscape'>\n\t\t\t\t<a data-elementor-open-lightbox=\"yes\" data-elementor-lightbox-slideshow=\"2c0ded57\" data-elementor-lightbox- data-e-action-hash=\"#elementor-action%3Aaction%3Dlightbox%26settings%3DeyJpZCI6NzU0LCJ1cmwiOiJodHRwczpcL1wvc2NreWFjaHRkZXNpZ24uY29tXC93cC1jb250ZW50XC91cGxvYWRzXC8yMDI1XC8wOFwvZjcxNWY1NjgtYWEzMC00ZGU2LWJiNGMtZGJlNGFkZjZkNjEyLndlYnAiLCJzbGlkZXNob3ciOiIyYzBkZWQ1NyJ9\" href='https:\/\/sckyachtdesign.com\/wp-content\/uploads\/2025\/08\/f715f568-aa30-4de6-bb4c-dbe4adf6d612.webp'><img decoding=\"async\" width=\"800\" height=\"600\" src=\"https:\/\/sckyachtdesign.com\/wp-content\/uploads\/2025\/08\/f715f568-aa30-4de6-bb4c-dbe4adf6d612-1024x768.webp\" class=\"attachment-large size-large\" alt=\"\" srcset=\"https:\/\/sckyachtdesign.com\/wp-content\/uploads\/2025\/08\/f715f568-aa30-4de6-bb4c-dbe4adf6d612-1024x768.webp 1024w, https:\/\/sckyachtdesign.com\/wp-content\/uploads\/2025\/08\/f715f568-aa30-4de6-bb4c-dbe4adf6d612-300x225.webp 300w, https:\/\/sckyachtdesign.com\/wp-content\/uploads\/2025\/08\/f715f568-aa30-4de6-bb4c-dbe4adf6d612-768x576.webp 768w, https:\/\/sckyachtdesign.com\/wp-content\/uploads\/2025\/08\/f715f568-aa30-4de6-bb4c-dbe4adf6d612-1536x1152.webp 1536w, https:\/\/sckyachtdesign.com\/wp-content\/uploads\/2025\/08\/f715f568-aa30-4de6-bb4c-dbe4adf6d612.webp 1600w\" sizes=\"(max-width: 800px) 100vw, 800px\" \/><\/a>\n\t\t\t<\/div><\/figure><figure class='gallery-item'>\n\t\t\t<div class='gallery-icon landscape'>\n\t\t\t\t<a data-elementor-open-lightbox=\"yes\" data-elementor-lightbox-slideshow=\"2c0ded57\" data-elementor-lightbox- data-e-action-hash=\"#elementor-action%3Aaction%3Dlightbox%26settings%3DeyJpZCI6NzU1LCJ1cmwiOiJodHRwczpcL1wvc2NreWFjaHRkZXNpZ24uY29tXC93cC1jb250ZW50XC91cGxvYWRzXC8yMDI1XC8wOFwvZTViNzYxNzUtM2Y2Yi00NjM2LTlmZTItZGYxMzkzMjJkNzVhLndlYnAiLCJzbGlkZXNob3ciOiIyYzBkZWQ1NyJ9\" href='https:\/\/sckyachtdesign.com\/wp-content\/uploads\/2025\/08\/e5b76175-3f6b-4636-9fe2-df139322d75a.webp'><img decoding=\"async\" width=\"800\" height=\"600\" src=\"https:\/\/sckyachtdesign.com\/wp-content\/uploads\/2025\/08\/e5b76175-3f6b-4636-9fe2-df139322d75a-1024x768.webp\" class=\"attachment-large size-large\" alt=\"\" srcset=\"https:\/\/sckyachtdesign.com\/wp-content\/uploads\/2025\/08\/e5b76175-3f6b-4636-9fe2-df139322d75a-1024x768.webp 1024w, https:\/\/sckyachtdesign.com\/wp-content\/uploads\/2025\/08\/e5b76175-3f6b-4636-9fe2-df139322d75a-300x225.webp 300w, https:\/\/sckyachtdesign.com\/wp-content\/uploads\/2025\/08\/e5b76175-3f6b-4636-9fe2-df139322d75a-768x576.webp 768w, https:\/\/sckyachtdesign.com\/wp-content\/uploads\/2025\/08\/e5b76175-3f6b-4636-9fe2-df139322d75a-1536x1152.webp 1536w, https:\/\/sckyachtdesign.com\/wp-content\/uploads\/2025\/08\/e5b76175-3f6b-4636-9fe2-df139322d75a.webp 1600w\" sizes=\"(max-width: 800px) 100vw, 800px\" \/><\/a>\n\t\t\t<\/div><\/figure><figure class='gallery-item'>\n\t\t\t<div class='gallery-icon portrait'>\n\t\t\t\t<a data-elementor-open-lightbox=\"yes\" data-elementor-lightbox-slideshow=\"2c0ded57\" data-elementor-lightbox- data-e-action-hash=\"#elementor-action%3Aaction%3Dlightbox%26settings%3DeyJpZCI6NzU2LCJ1cmwiOiJodHRwczpcL1wvc2NreWFjaHRkZXNpZ24uY29tXC93cC1jb250ZW50XC91cGxvYWRzXC8yMDI1XC8wOFwvZWZiOWE0ZTctZTkzMy00MTUzLWEyODAtYzA5N2RkMTQ1MDI0LndlYnAiLCJzbGlkZXNob3ciOiIyYzBkZWQ1NyJ9\" href='https:\/\/sckyachtdesign.com\/wp-content\/uploads\/2025\/08\/efb9a4e7-e933-4153-a280-c097dd145024.webp'><img loading=\"lazy\" decoding=\"async\" width=\"768\" height=\"1024\" src=\"https:\/\/sckyachtdesign.com\/wp-content\/uploads\/2025\/08\/efb9a4e7-e933-4153-a280-c097dd145024-768x1024.webp\" class=\"attachment-large size-large\" alt=\"\" srcset=\"https:\/\/sckyachtdesign.com\/wp-content\/uploads\/2025\/08\/efb9a4e7-e933-4153-a280-c097dd145024-768x1024.webp 768w, https:\/\/sckyachtdesign.com\/wp-content\/uploads\/2025\/08\/efb9a4e7-e933-4153-a280-c097dd145024-225x300.webp 225w, https:\/\/sckyachtdesign.com\/wp-content\/uploads\/2025\/08\/efb9a4e7-e933-4153-a280-c097dd145024-1152x1536.webp 1152w, https:\/\/sckyachtdesign.com\/wp-content\/uploads\/2025\/08\/efb9a4e7-e933-4153-a280-c097dd145024.webp 1200w\" sizes=\"(max-width: 768px) 100vw, 768px\" \/><\/a>\n\t\t\t<\/div><\/figure><figure class='gallery-item'>\n\t\t\t<div class='gallery-icon landscape'>\n\t\t\t\t<a data-elementor-open-lightbox=\"yes\" data-elementor-lightbox-slideshow=\"2c0ded57\" data-elementor-lightbox- data-e-action-hash=\"#elementor-action%3Aaction%3Dlightbox%26settings%3DeyJpZCI6NzU3LCJ1cmwiOiJodHRwczpcL1wvc2NreWFjaHRkZXNpZ24uY29tXC93cC1jb250ZW50XC91cGxvYWRzXC8yMDI1XC8wOFwvZDNiYTlmNzctM2YyOC00YTczLTk1YzktNzMzZTQ2Yzc0ZTQ2LndlYnAiLCJzbGlkZXNob3ciOiIyYzBkZWQ1NyJ9\" href='https:\/\/sckyachtdesign.com\/wp-content\/uploads\/2025\/08\/d3ba9f77-3f28-4a73-95c9-733e46c74e46.webp'><img loading=\"lazy\" decoding=\"async\" width=\"800\" height=\"600\" src=\"https:\/\/sckyachtdesign.com\/wp-content\/uploads\/2025\/08\/d3ba9f77-3f28-4a73-95c9-733e46c74e46-1024x768.webp\" class=\"attachment-large size-large\" alt=\"\" srcset=\"https:\/\/sckyachtdesign.com\/wp-content\/uploads\/2025\/08\/d3ba9f77-3f28-4a73-95c9-733e46c74e46-1024x768.webp 1024w, https:\/\/sckyachtdesign.com\/wp-content\/uploads\/2025\/08\/d3ba9f77-3f28-4a73-95c9-733e46c74e46-300x225.webp 300w, https:\/\/sckyachtdesign.com\/wp-content\/uploads\/2025\/08\/d3ba9f77-3f28-4a73-95c9-733e46c74e46-768x576.webp 768w, https:\/\/sckyachtdesign.com\/wp-content\/uploads\/2025\/08\/d3ba9f77-3f28-4a73-95c9-733e46c74e46-1536x1152.webp 1536w, https:\/\/sckyachtdesign.com\/wp-content\/uploads\/2025\/08\/d3ba9f77-3f28-4a73-95c9-733e46c74e46.webp 1600w\" sizes=\"(max-width: 800px) 100vw, 800px\" \/><\/a>\n\t\t\t<\/div><\/figure><figure class='gallery-item'>\n\t\t\t<div class='gallery-icon portrait'>\n\t\t\t\t<a data-elementor-open-lightbox=\"yes\" data-elementor-lightbox-slideshow=\"2c0ded57\" data-elementor-lightbox- data-e-action-hash=\"#elementor-action%3Aaction%3Dlightbox%26settings%3DeyJpZCI6NzU4LCJ1cmwiOiJodHRwczpcL1wvc2NreWFjaHRkZXNpZ24uY29tXC93cC1jb250ZW50XC91cGxvYWRzXC8yMDI1XC8wOFwvZGQ4Y2VjNjQtZTBjZi00NjNjLWI5YmItMGQ0OGI5MmM2YWQ3LndlYnAiLCJzbGlkZXNob3ciOiIyYzBkZWQ1NyJ9\" href='https:\/\/sckyachtdesign.com\/wp-content\/uploads\/2025\/08\/dd8cec64-e0cf-463c-b9bb-0d48b92c6ad7.webp'><img loading=\"lazy\" decoding=\"async\" width=\"768\" height=\"1024\" src=\"https:\/\/sckyachtdesign.com\/wp-content\/uploads\/2025\/08\/dd8cec64-e0cf-463c-b9bb-0d48b92c6ad7-768x1024.webp\" class=\"attachment-large size-large\" alt=\"\" srcset=\"https:\/\/sckyachtdesign.com\/wp-content\/uploads\/2025\/08\/dd8cec64-e0cf-463c-b9bb-0d48b92c6ad7-768x1024.webp 768w, https:\/\/sckyachtdesign.com\/wp-content\/uploads\/2025\/08\/dd8cec64-e0cf-463c-b9bb-0d48b92c6ad7-225x300.webp 225w, https:\/\/sckyachtdesign.com\/wp-content\/uploads\/2025\/08\/dd8cec64-e0cf-463c-b9bb-0d48b92c6ad7-1152x1536.webp 1152w, https:\/\/sckyachtdesign.com\/wp-content\/uploads\/2025\/08\/dd8cec64-e0cf-463c-b9bb-0d48b92c6ad7.webp 1200w\" sizes=\"(max-width: 768px) 100vw, 768px\" \/><\/a>\n\t\t\t<\/div><\/figure><figure class='gallery-item'>\n\t\t\t<div class='gallery-icon portrait'>\n\t\t\t\t<a data-elementor-open-lightbox=\"yes\" data-elementor-lightbox-slideshow=\"2c0ded57\" data-elementor-lightbox- data-e-action-hash=\"#elementor-action%3Aaction%3Dlightbox%26settings%3DeyJpZCI6NzU5LCJ1cmwiOiJodHRwczpcL1wvc2NreWFjaHRkZXNpZ24uY29tXC93cC1jb250ZW50XC91cGxvYWRzXC8yMDI1XC8wOFwvYWU5Nzk2MjItNmYyNS00ODM5LWJhZjctYjAzNGZhMGFmMWFlLndlYnAiLCJzbGlkZXNob3ciOiIyYzBkZWQ1NyJ9\" href='https:\/\/sckyachtdesign.com\/wp-content\/uploads\/2025\/08\/ae979622-6f25-4839-baf7-b034fa0af1ae.webp'><img loading=\"lazy\" decoding=\"async\" width=\"768\" height=\"1024\" src=\"https:\/\/sckyachtdesign.com\/wp-content\/uploads\/2025\/08\/ae979622-6f25-4839-baf7-b034fa0af1ae-768x1024.webp\" class=\"attachment-large size-large\" alt=\"\" srcset=\"https:\/\/sckyachtdesign.com\/wp-content\/uploads\/2025\/08\/ae979622-6f25-4839-baf7-b034fa0af1ae-768x1024.webp 768w, https:\/\/sckyachtdesign.com\/wp-content\/uploads\/2025\/08\/ae979622-6f25-4839-baf7-b034fa0af1ae-225x300.webp 225w, https:\/\/sckyachtdesign.com\/wp-content\/uploads\/2025\/08\/ae979622-6f25-4839-baf7-b034fa0af1ae-1152x1536.webp 1152w, https:\/\/sckyachtdesign.com\/wp-content\/uploads\/2025\/08\/ae979622-6f25-4839-baf7-b034fa0af1ae.webp 1200w\" sizes=\"(max-width: 768px) 100vw, 768px\" \/><\/a>\n\t\t\t<\/div><\/figure><figure class='gallery-item'>\n\t\t\t<div class='gallery-icon landscape'>\n\t\t\t\t<a data-elementor-open-lightbox=\"yes\" data-elementor-lightbox-slideshow=\"2c0ded57\" data-elementor-lightbox- data-e-action-hash=\"#elementor-action%3Aaction%3Dlightbox%26settings%3DeyJpZCI6NzYwLCJ1cmwiOiJodHRwczpcL1wvc2NreWFjaHRkZXNpZ24uY29tXC93cC1jb250ZW50XC91cGxvYWRzXC8yMDI1XC8wOFwvYTY2M2NiZTMtNzE5NS00YTI1LWI4NmEtM2ZiYTlhYTBmMWZlLndlYnAiLCJzbGlkZXNob3ciOiIyYzBkZWQ1NyJ9\" href='https:\/\/sckyachtdesign.com\/wp-content\/uploads\/2025\/08\/a663cbe3-7195-4a25-b86a-3fba9aa0f1fe.webp'><img loading=\"lazy\" decoding=\"async\" width=\"800\" height=\"600\" src=\"https:\/\/sckyachtdesign.com\/wp-content\/uploads\/2025\/08\/a663cbe3-7195-4a25-b86a-3fba9aa0f1fe-1024x768.webp\" class=\"attachment-large size-large\" alt=\"\" srcset=\"https:\/\/sckyachtdesign.com\/wp-content\/uploads\/2025\/08\/a663cbe3-7195-4a25-b86a-3fba9aa0f1fe-1024x768.webp 1024w, https:\/\/sckyachtdesign.com\/wp-content\/uploads\/2025\/08\/a663cbe3-7195-4a25-b86a-3fba9aa0f1fe-300x225.webp 300w, https:\/\/sckyachtdesign.com\/wp-content\/uploads\/2025\/08\/a663cbe3-7195-4a25-b86a-3fba9aa0f1fe-768x576.webp 768w, https:\/\/sckyachtdesign.com\/wp-content\/uploads\/2025\/08\/a663cbe3-7195-4a25-b86a-3fba9aa0f1fe-1536x1152.webp 1536w, https:\/\/sckyachtdesign.com\/wp-content\/uploads\/2025\/08\/a663cbe3-7195-4a25-b86a-3fba9aa0f1fe.webp 1600w\" sizes=\"(max-width: 800px) 100vw, 800px\" \/><\/a>\n\t\t\t<\/div><\/figure><figure class='gallery-item'>\n\t\t\t<div class='gallery-icon portrait'>\n\t\t\t\t<a data-elementor-open-lightbox=\"yes\" data-elementor-lightbox-slideshow=\"2c0ded57\" data-elementor-lightbox- data-e-action-hash=\"#elementor-action%3Aaction%3Dlightbox%26settings%3DeyJpZCI6NzYxLCJ1cmwiOiJodHRwczpcL1wvc2NreWFjaHRkZXNpZ24uY29tXC93cC1jb250ZW50XC91cGxvYWRzXC8yMDI1XC8wOFwvNjA3MmYzMTgtOTU2ZC00OTQ4LTllNGEtZWNjZmU5NGM1MDg3LndlYnAiLCJzbGlkZXNob3ciOiIyYzBkZWQ1NyJ9\" href='https:\/\/sckyachtdesign.com\/wp-content\/uploads\/2025\/08\/6072f318-956d-4948-9e4a-eccfe94c5087.webp'><img loading=\"lazy\" decoding=\"async\" width=\"768\" height=\"1024\" src=\"https:\/\/sckyachtdesign.com\/wp-content\/uploads\/2025\/08\/6072f318-956d-4948-9e4a-eccfe94c5087-768x1024.webp\" class=\"attachment-large size-large\" alt=\"\" srcset=\"https:\/\/sckyachtdesign.com\/wp-content\/uploads\/2025\/08\/6072f318-956d-4948-9e4a-eccfe94c5087-768x1024.webp 768w, https:\/\/sckyachtdesign.com\/wp-content\/uploads\/2025\/08\/6072f318-956d-4948-9e4a-eccfe94c5087-225x300.webp 225w, https:\/\/sckyachtdesign.com\/wp-content\/uploads\/2025\/08\/6072f318-956d-4948-9e4a-eccfe94c5087-1152x1536.webp 1152w, https:\/\/sckyachtdesign.com\/wp-content\/uploads\/2025\/08\/6072f318-956d-4948-9e4a-eccfe94c5087.webp 1200w\" sizes=\"(max-width: 768px) 100vw, 768px\" \/><\/a>\n\t\t\t<\/div><\/figure><figure class='gallery-item'>\n\t\t\t<div class='gallery-icon landscape'>\n\t\t\t\t<a data-elementor-open-lightbox=\"yes\" data-elementor-lightbox-slideshow=\"2c0ded57\" data-elementor-lightbox- data-e-action-hash=\"#elementor-action%3Aaction%3Dlightbox%26settings%3DeyJpZCI6NzYyLCJ1cmwiOiJodHRwczpcL1wvc2NreWFjaHRkZXNpZ24uY29tXC93cC1jb250ZW50XC91cGxvYWRzXC8yMDI1XC8wOFwvMzI2ZjgzZmItOTA2Mi00M2UwLTgzN2QtMzJlNDViY2U1MWVlLndlYnAiLCJzbGlkZXNob3ciOiIyYzBkZWQ1NyJ9\" href='https:\/\/sckyachtdesign.com\/wp-content\/uploads\/2025\/08\/326f83fb-9062-43e0-837d-32e45bce51ee.webp'><img loading=\"lazy\" decoding=\"async\" width=\"800\" height=\"600\" src=\"https:\/\/sckyachtdesign.com\/wp-content\/uploads\/2025\/08\/326f83fb-9062-43e0-837d-32e45bce51ee-1024x768.webp\" class=\"attachment-large size-large\" alt=\"\" srcset=\"https:\/\/sckyachtdesign.com\/wp-content\/uploads\/2025\/08\/326f83fb-9062-43e0-837d-32e45bce51ee-1024x768.webp 1024w, https:\/\/sckyachtdesign.com\/wp-content\/uploads\/2025\/08\/326f83fb-9062-43e0-837d-32e45bce51ee-300x225.webp 300w, https:\/\/sckyachtdesign.com\/wp-content\/uploads\/2025\/08\/326f83fb-9062-43e0-837d-32e45bce51ee-768x576.webp 768w, https:\/\/sckyachtdesign.com\/wp-content\/uploads\/2025\/08\/326f83fb-9062-43e0-837d-32e45bce51ee-1536x1152.webp 1536w, https:\/\/sckyachtdesign.com\/wp-content\/uploads\/2025\/08\/326f83fb-9062-43e0-837d-32e45bce51ee.webp 1600w\" sizes=\"(max-width: 800px) 100vw, 800px\" \/><\/a>\n\t\t\t<\/div><\/figure><figure class='gallery-item'>\n\t\t\t<div class='gallery-icon portrait'>\n\t\t\t\t<a data-elementor-open-lightbox=\"yes\" data-elementor-lightbox-slideshow=\"2c0ded57\" data-elementor-lightbox- data-e-action-hash=\"#elementor-action%3Aaction%3Dlightbox%26settings%3DeyJpZCI6NzYzLCJ1cmwiOiJodHRwczpcL1wvc2NreWFjaHRkZXNpZ24uY29tXC93cC1jb250ZW50XC91cGxvYWRzXC8yMDI1XC8wOFwvMTRlYTRiYmEtZTMyMi00ODJjLThkNmUtNTMxZGYxMDZhNTY1LndlYnAiLCJzbGlkZXNob3ciOiIyYzBkZWQ1NyJ9\" href='https:\/\/sckyachtdesign.com\/wp-content\/uploads\/2025\/08\/14ea4bba-e322-482c-8d6e-531df106a565.webp'><img loading=\"lazy\" decoding=\"async\" width=\"768\" height=\"1024\" src=\"https:\/\/sckyachtdesign.com\/wp-content\/uploads\/2025\/08\/14ea4bba-e322-482c-8d6e-531df106a565-768x1024.webp\" class=\"attachment-large size-large\" alt=\"\" srcset=\"https:\/\/sckyachtdesign.com\/wp-content\/uploads\/2025\/08\/14ea4bba-e322-482c-8d6e-531df106a565-768x1024.webp 768w, https:\/\/sckyachtdesign.com\/wp-content\/uploads\/2025\/08\/14ea4bba-e322-482c-8d6e-531df106a565-225x300.webp 225w, https:\/\/sckyachtdesign.com\/wp-content\/uploads\/2025\/08\/14ea4bba-e322-482c-8d6e-531df106a565-1152x1536.webp 1152w, https:\/\/sckyachtdesign.com\/wp-content\/uploads\/2025\/08\/14ea4bba-e322-482c-8d6e-531df106a565.webp 1200w\" sizes=\"(max-width: 768px) 100vw, 768px\" \/><\/a>\n\t\t\t<\/div><\/figure><figure class='gallery-item'>\n\t\t\t<div class='gallery-icon portrait'>\n\t\t\t\t<a data-elementor-open-lightbox=\"yes\" data-elementor-lightbox-slideshow=\"2c0ded57\" data-elementor-lightbox- data-e-action-hash=\"#elementor-action%3Aaction%3Dlightbox%26settings%3DeyJpZCI6NzY0LCJ1cmwiOiJodHRwczpcL1wvc2NreWFjaHRkZXNpZ24uY29tXC93cC1jb250ZW50XC91cGxvYWRzXC8yMDI1XC8wOFwvMWQ1MDUzNWYtZTJjNy00YTMwLWJkNDgtZmNkNDkzM2IyNjcyLndlYnAiLCJzbGlkZXNob3ciOiIyYzBkZWQ1NyJ9\" href='https:\/\/sckyachtdesign.com\/wp-content\/uploads\/2025\/08\/1d50535f-e2c7-4a30-bd48-fcd4933b2672.webp'><img loading=\"lazy\" decoding=\"async\" width=\"768\" height=\"1024\" src=\"https:\/\/sckyachtdesign.com\/wp-content\/uploads\/2025\/08\/1d50535f-e2c7-4a30-bd48-fcd4933b2672-768x1024.webp\" class=\"attachment-large size-large\" alt=\"\" srcset=\"https:\/\/sckyachtdesign.com\/wp-content\/uploads\/2025\/08\/1d50535f-e2c7-4a30-bd48-fcd4933b2672-768x1024.webp 768w, https:\/\/sckyachtdesign.com\/wp-content\/uploads\/2025\/08\/1d50535f-e2c7-4a30-bd48-fcd4933b2672-225x300.webp 225w, https:\/\/sckyachtdesign.com\/wp-content\/uploads\/2025\/08\/1d50535f-e2c7-4a30-bd48-fcd4933b2672-1152x1536.webp 1152w, https:\/\/sckyachtdesign.com\/wp-content\/uploads\/2025\/08\/1d50535f-e2c7-4a30-bd48-fcd4933b2672.webp 1200w\" sizes=\"(max-width: 768px) 100vw, 768px\" \/><\/a>\n\t\t\t<\/div><\/figure>\n\t\t<\/div>\n\t\t<\/div>\n\t\t\t\t\t\t<\/div>\n\t\t\t\t\t<\/div>\n\t\t<\/div>\n\t\t\t\t\t<\/div>\n\t\t<\/section>\n\t\t\t\t<\/div>","protected":false},"excerpt":{"rendered":"<p>Project Deta\u0131ls Home Projects 34 METERS YACHT DESIGN 2025 LENGHT 34 METER MADE BY SCK YACHT DESIGN Project gallery<\/p>","protected":false},"author":1,"featured_media":0,"parent":0,"menu_order":0,"comment_status":"closed","ping_status":"closed","template":"elementor_header_footer","meta":{"footnotes":""},"class_list":["post-737","page","type-page","status-publish","hentry"],"_links":{"self":[{"href":"https:\/\/sckyachtdesign.com\/tr\/wp-json\/wp\/v2\/pages\/737","targetHints":{"allow":["GET"]}}],"collection":[{"href":"https:\/\/sckyachtdesign.com\/tr\/wp-json\/wp\/v2\/pages"}],"about":[{"href":"https:\/\/sckyachtdesign.com\/tr\/wp-json\/wp\/v2\/types\/page"}],"author":[{"embeddable":true,"href":"https:\/\/sckyachtdesign.com\/tr\/wp-json\/wp\/v2\/users\/1"}],"replies":[{"embeddable":true,"href":"https:\/\/sckyachtdesign.com\/tr\/wp-json\/wp\/v2\/comments?post=737"}],"version-history":[{"count":0,"href":"https:\/\/sckyachtdesign.com\/tr\/wp-json\/wp\/v2\/pages\/737\/revisions"}],"wp:attachment":[{"href":"https:\/\/sckyachtdesign.com\/tr\/wp-json\/wp\/v2\/media?parent=737"}],"curies":[{"name":"wp","href":"https:\/\/api.w.org\/{rel}","templated":true}]}}