{"id":533,"date":"2025-08-20T09:47:41","date_gmt":"2025-08-20T09:47:41","guid":{"rendered":"https:\/\/sckyachtdesign.com\/?page_id=533"},"modified":"2025-08-20T12:58:13","modified_gmt":"2025-08-20T12:58:13","slug":"projects","status":"publish","type":"page","link":"https:\/\/sckyachtdesign.com\/tr\/projects\/","title":{"rendered":"Projelerimiz"},"content":{"rendered":"<div data-elementor-type=\"wp-page\" data-elementor-id=\"533\" class=\"elementor elementor-533\">\n\t\t\t\t\t\t<section class=\"elementor-section elementor-top-section elementor-element elementor-element-428d3698 elementor-section-height-min-height elementor-section-boxed elementor-section-height-default elementor-section-items-middle\" data-id=\"428d3698\" data-element_type=\"section\" data-settings=\"{&quot;background_background&quot;:&quot;classic&quot;}\">\n\t\t\t\t\t\t\t<div class=\"elementor-background-overlay\"><\/div>\n\t\t\t\t\t\t\t<div class=\"elementor-container elementor-column-gap-default\">\n\t\t\t\t\t<div class=\"elementor-column elementor-col-100 elementor-top-column elementor-element elementor-element-7794fa92\" data-id=\"7794fa92\" data-element_type=\"column\">\n\t\t\t<div class=\"elementor-widget-wrap elementor-element-populated\">\n\t\t\t\t\t\t<div class=\"elementor-element elementor-element-5d4c35ec elementor-invisible elementor-widget elementor-widget-heading\" data-id=\"5d4c35ec\" data-element_type=\"widget\" data-settings=\"{&quot;_animation&quot;:&quot;fadeIn&quot;}\" data-widget_type=\"heading.default\">\n\t\t\t\t\t<h2 class=\"elementor-heading-title elementor-size-default\">Projelerimiz<\/h2>\t\t\t\t<\/div>\n\t\t\t\t<div class=\"elementor-element elementor-element-2086a3a0 elementor-icon-list--layout-inline elementor-align-center elementor-list-item-link-full_width elementor-invisible elementor-widget elementor-widget-icon-list\" data-id=\"2086a3a0\" data-element_type=\"widget\" data-settings=\"{&quot;_animation&quot;:&quot;fadeIn&quot;,&quot;_animation_delay&quot;:200}\" data-widget_type=\"icon-list.default\">\n\t\t\t\t\t\t\t<ul class=\"elementor-icon-list-items elementor-inline-items\">\n\t\t\t\t\t\t\t<li class=\"elementor-icon-list-item elementor-inline-item\">\n\t\t\t\t\t\t\t\t\t\t\t<a href=\"#\">\n\n\t\t\t\t\t\t\t\t\t\t\t<span class=\"elementor-icon-list-text\">Anasayfa<\/span>\n\t\t\t\t\t\t\t\t\t\t\t<\/a>\n\t\t\t\t\t\t\t\t\t<\/li>\n\t\t\t\t\t\t\t\t<li class=\"elementor-icon-list-item elementor-inline-item\">\n\t\t\t\t\t\t\t\t\t\t\t<a href=\"#\">\n\n\t\t\t\t\t\t\t\t\t\t\t\t<span class=\"elementor-icon-list-icon\">\n\t\t\t\t\t\t\t<i aria-hidden=\"true\" class=\"icon icon-right-arrow\"><\/i>\t\t\t\t\t\t<\/span>\n\t\t\t\t\t\t\t\t\t\t<span class=\"elementor-icon-list-text\">Projelerimiz<\/span>\n\t\t\t\t\t\t\t\t\t\t\t<\/a>\n\t\t\t\t\t\t\t\t\t<\/li>\n\t\t\t\t\t\t<\/ul>\n\t\t\t\t\t\t<\/div>\n\t\t\t\t\t<\/div>\n\t\t<\/div>\n\t\t\t\t\t<\/div>\n\t\t<\/section>\n\t\t\t\t<section class=\"elementor-section elementor-top-section elementor-element elementor-element-5537b478 elementor-section-boxed elementor-section-height-default elementor-section-height-default\" data-id=\"5537b478\" data-element_type=\"section\">\n\t\t\t\t\t\t<div class=\"elementor-container elementor-column-gap-default\">\n\t\t\t\t\t<div class=\"elementor-column elementor-col-100 elementor-top-column elementor-element elementor-element-54ef0553\" data-id=\"54ef0553\" data-element_type=\"column\">\n\t\t\t<div class=\"elementor-widget-wrap elementor-element-populated\">\n\t\t\t\t\t\t<div class=\"elementor-element elementor-element-5ef039e9 elementor-widget__width-initial elementor-widget-mobile__width-inherit elementor-invisible elementor-widget elementor-widget-elementskit-heading\" data-id=\"5ef039e9\" data-element_type=\"widget\" data-settings=\"{&quot;_animation&quot;:&quot;fadeIn&quot;,&quot;_animation_delay&quot;:200}\" data-widget_type=\"elementskit-heading.default\">\n\t\t\t\t\t<div class=\"ekit-wid-con\" ><div class=\"ekit-heading elementskit-section-title-wraper text_left   ekit_heading_tablet-   ekit_heading_mobile-\"><h2 class=\"ekit-heading--title elementskit-section-title\">HAYATI G\u00dcZELLE\u015eT\u0130REN <span><span>MEGA<\/span><\/span> <span><span>YATLAR<\/span><\/span> <span><span>TASARLIYORUZ<\/span><\/span><\/h2><\/div><\/div>\t\t\t\t<\/div>\n\t\t\t\t<section class=\"elementor-section elementor-inner-section elementor-element elementor-element-6bfa74b elementor-section-boxed elementor-section-height-default elementor-section-height-default\" data-id=\"6bfa74b\" data-element_type=\"section\">\n\t\t\t\t\t\t<div class=\"elementor-container elementor-column-gap-default\">\n\t\t\t\t\t<div class=\"elementor-column elementor-col-100 elementor-inner-column elementor-element elementor-element-542d765b elementor-invisible\" data-id=\"542d765b\" data-element_type=\"column\" data-settings=\"{&quot;animation&quot;:&quot;fadeIn&quot;,&quot;animation_delay&quot;:400}\">\n\t\t\t<div class=\"elementor-widget-wrap elementor-element-populated\">\n\t\t\t\t\t\t<div class=\"elementor-element elementor-element-16617bc5 elementor-widget elementor-widget-image\" data-id=\"16617bc5\" data-element_type=\"widget\" data-widget_type=\"image.default\">\n\t\t\t\t\t\t\t\t\t\t\t\t\t\t\t\t<a href=\"#\">\n\t\t\t\t\t\t\t<img fetchpriority=\"high\" decoding=\"async\" width=\"800\" height=\"450\" src=\"https:\/\/sckyachtdesign.com\/wp-content\/uploads\/2025\/08\/berign-yacht-1024x576.jpg\" class=\"attachment-large size-large wp-image-885\" alt=\"\" srcset=\"https:\/\/sckyachtdesign.com\/wp-content\/uploads\/2025\/08\/berign-yacht-1024x576.jpg 1024w, https:\/\/sckyachtdesign.com\/wp-content\/uploads\/2025\/08\/berign-yacht-300x169.jpg 300w, https:\/\/sckyachtdesign.com\/wp-content\/uploads\/2025\/08\/berign-yacht-768x432.jpg 768w, https:\/\/sckyachtdesign.com\/wp-content\/uploads\/2025\/08\/berign-yacht.jpg 1200w\" sizes=\"(max-width: 800px) 100vw, 800px\" \/>\t\t\t\t\t\t\t\t<\/a>\n\t\t\t\t\t\t\t\t\t\t\t\t\t\t\t<\/div>\n\t\t\t\t<div class=\"elementor-element elementor-element-1c443097 elementor-widget__width-auto elementor-widget-mobile__width-inherit elementor-widget elementor-widget-heading\" data-id=\"1c443097\" data-element_type=\"widget\" data-widget_type=\"heading.default\">\n\t\t\t\t\t<h3 class=\"elementor-heading-title elementor-size-default\">Geli\u015ftirme A\u015famas\u0131, Yat Projesi<\/h3>\t\t\t\t<\/div>\n\t\t\t\t<div class=\"elementor-element elementor-element-654e1e72 elementor-align-left elementor-widget__width-auto elementor-widget elementor-widget-button\" data-id=\"654e1e72\" data-element_type=\"widget\" data-widget_type=\"button.default\">\n\t\t\t\t\t\t\t\t\t\t<a class=\"elementor-button elementor-button-link elementor-size-sm\" href=\"https:\/\/sckyachtdesign.com\/tr\/yacht-project-in-progress\/\">\n\t\t\t\t\t\t<span class=\"elementor-button-content-wrapper\">\n\t\t\t\t\t\t<span class=\"elementor-button-icon\">\n\t\t\t\t<i aria-hidden=\"true\" class=\"icon icon-right-arrow\"><\/i>\t\t\t<\/span>\n\t\t\t\t\t\t\t\t\t<span class=\"elementor-button-text\">Proje Detaylar\u0131<\/span>\n\t\t\t\t\t<\/span>\n\t\t\t\t\t<\/a>\n\t\t\t\t\t\t\t\t<\/div>\n\t\t\t\t\t<\/div>\n\t\t<\/div>\n\t\t\t\t\t<\/div>\n\t\t<\/section>\n\t\t\t\t<section class=\"elementor-section elementor-inner-section elementor-element elementor-element-775eef2 elementor-section-boxed elementor-section-height-default elementor-section-height-default\" data-id=\"775eef2\" data-element_type=\"section\">\n\t\t\t\t\t\t<div class=\"elementor-container elementor-column-gap-default\">\n\t\t\t\t\t<div class=\"elementor-column elementor-col-50 elementor-inner-column elementor-element elementor-element-5936aa6 elementor-invisible\" data-id=\"5936aa6\" data-element_type=\"column\" data-settings=\"{&quot;animation&quot;:&quot;fadeIn&quot;,&quot;animation_delay&quot;:400}\">\n\t\t\t<div class=\"elementor-widget-wrap elementor-element-populated\">\n\t\t\t\t\t\t<div class=\"elementor-element elementor-element-1f5e766 elementor-widget elementor-widget-image\" data-id=\"1f5e766\" data-element_type=\"widget\" data-widget_type=\"image.default\">\n\t\t\t\t\t\t\t\t\t\t\t\t\t\t\t\t<a href=\"#\">\n\t\t\t\t\t\t\t<img decoding=\"async\" width=\"800\" height=\"634\" src=\"https:\/\/sckyachtdesign.com\/wp-content\/uploads\/2025\/08\/WhatsApp-Image-2023-06-21-at-14.09.40-e1754903344536-1024x812.jpeg\" class=\"attachment-large size-large wp-image-147\" alt=\"\" srcset=\"https:\/\/sckyachtdesign.com\/wp-content\/uploads\/2025\/08\/WhatsApp-Image-2023-06-21-at-14.09.40-e1754903344536-1024x812.jpeg 1024w, https:\/\/sckyachtdesign.com\/wp-content\/uploads\/2025\/08\/WhatsApp-Image-2023-06-21-at-14.09.40-e1754903344536-300x238.jpeg 300w, https:\/\/sckyachtdesign.com\/wp-content\/uploads\/2025\/08\/WhatsApp-Image-2023-06-21-at-14.09.40-e1754903344536-768x609.jpeg 768w, https:\/\/sckyachtdesign.com\/wp-content\/uploads\/2025\/08\/WhatsApp-Image-2023-06-21-at-14.09.40-e1754903344536.jpeg 1500w\" sizes=\"(max-width: 800px) 100vw, 800px\" \/>\t\t\t\t\t\t\t\t<\/a>\n\t\t\t\t\t\t\t\t\t\t\t\t\t\t\t<\/div>\n\t\t\t\t<div class=\"elementor-element elementor-element-0d2e0a9 elementor-widget elementor-widget-text-editor\" data-id=\"0d2e0a9\" data-element_type=\"widget\" data-widget_type=\"text-editor.default\">\n\t\t\t\t\t\t\t\t\t<p>SCK YACHT DESIGN<\/p>\t\t\t\t\t\t\t\t<\/div>\n\t\t\t\t<div class=\"elementor-element elementor-element-7d3696d elementor-widget__width-auto elementor-widget-mobile__width-inherit elementor-widget elementor-widget-heading\" data-id=\"7d3696d\" data-element_type=\"widget\" data-widget_type=\"heading.default\">\n\t\t\t\t\t<h3 class=\"elementor-heading-title elementor-size-default\">48 METRE YAT PROJES\u0130<\/h3>\t\t\t\t<\/div>\n\t\t\t\t<div class=\"elementor-element elementor-element-0dd576f elementor-align-left elementor-widget__width-auto elementor-widget elementor-widget-button\" data-id=\"0dd576f\" data-element_type=\"widget\" data-widget_type=\"button.default\">\n\t\t\t\t\t\t\t\t\t\t<a class=\"elementor-button elementor-button-link elementor-size-sm\" href=\"https:\/\/sckyachtdesign.com\/tr\/48-meter-yacht-project\/\">\n\t\t\t\t\t\t<span class=\"elementor-button-content-wrapper\">\n\t\t\t\t\t\t<span class=\"elementor-button-icon\">\n\t\t\t\t<i aria-hidden=\"true\" class=\"icon icon-right-arrow\"><\/i>\t\t\t<\/span>\n\t\t\t\t\t\t\t\t\t<span class=\"elementor-button-text\">Proje Detaylar\u0131<\/span>\n\t\t\t\t\t<\/span>\n\t\t\t\t\t<\/a>\n\t\t\t\t\t\t\t\t<\/div>\n\t\t\t\t\t<\/div>\n\t\t<\/div>\n\t\t\t\t<div class=\"elementor-column elementor-col-50 elementor-inner-column elementor-element elementor-element-1db3d2d elementor-invisible\" data-id=\"1db3d2d\" data-element_type=\"column\" data-settings=\"{&quot;animation&quot;:&quot;fadeIn&quot;,&quot;animation_delay&quot;:500}\">\n\t\t\t<div class=\"elementor-widget-wrap elementor-element-populated\">\n\t\t\t\t\t\t<div class=\"elementor-element elementor-element-81b04b2 elementor-widget elementor-widget-image\" data-id=\"81b04b2\" data-element_type=\"widget\" data-widget_type=\"image.default\">\n\t\t\t\t\t\t\t\t\t\t\t\t\t\t\t\t<a href=\"#\">\n\t\t\t\t\t\t\t<img decoding=\"async\" width=\"800\" height=\"763\" src=\"https:\/\/sckyachtdesign.com\/wp-content\/uploads\/2025\/08\/9be3e751-77e1-40e8-8e1a-8e2b8394106f-scaled-e1755690937700-1024x976.webp\" class=\"attachment-large size-large wp-image-886\" alt=\"\" srcset=\"https:\/\/sckyachtdesign.com\/wp-content\/uploads\/2025\/08\/9be3e751-77e1-40e8-8e1a-8e2b8394106f-scaled-e1755690937700-1024x976.webp 1024w, https:\/\/sckyachtdesign.com\/wp-content\/uploads\/2025\/08\/9be3e751-77e1-40e8-8e1a-8e2b8394106f-scaled-e1755690937700-300x286.webp 300w, https:\/\/sckyachtdesign.com\/wp-content\/uploads\/2025\/08\/9be3e751-77e1-40e8-8e1a-8e2b8394106f-scaled-e1755690937700-768x732.webp 768w, https:\/\/sckyachtdesign.com\/wp-content\/uploads\/2025\/08\/9be3e751-77e1-40e8-8e1a-8e2b8394106f-scaled-e1755690937700-1536x1464.webp 1536w, https:\/\/sckyachtdesign.com\/wp-content\/uploads\/2025\/08\/9be3e751-77e1-40e8-8e1a-8e2b8394106f-scaled-e1755690937700.webp 1920w\" sizes=\"(max-width: 800px) 100vw, 800px\" \/>\t\t\t\t\t\t\t\t<\/a>\n\t\t\t\t\t\t\t\t\t\t\t\t\t\t\t<\/div>\n\t\t\t\t<div class=\"elementor-element elementor-element-7117f4a elementor-widget elementor-widget-text-editor\" data-id=\"7117f4a\" data-element_type=\"widget\" data-widget_type=\"text-editor.default\">\n\t\t\t\t\t\t\t\t\t<p>SCK YACHT DESIGN<\/p>\t\t\t\t\t\t\t\t<\/div>\n\t\t\t\t<div class=\"elementor-element elementor-element-6f410df elementor-widget__width-auto elementor-widget-mobile__width-inherit elementor-widget elementor-widget-heading\" data-id=\"6f410df\" data-element_type=\"widget\" data-widget_type=\"heading.default\">\n\t\t\t\t\t<h3 class=\"elementor-heading-title elementor-size-default\">M\u00f6venpick Spa Projesi<\/h3>\t\t\t\t<\/div>\n\t\t\t\t<div class=\"elementor-element elementor-element-227c647 elementor-align-left elementor-widget__width-auto elementor-widget elementor-widget-button\" data-id=\"227c647\" data-element_type=\"widget\" data-widget_type=\"button.default\">\n\t\t\t\t\t\t\t\t\t\t<a class=\"elementor-button elementor-button-link elementor-size-sm\" href=\"https:\/\/sckyachtdesign.com\/tr\/movenpick-spa-design\/\">\n\t\t\t\t\t\t<span class=\"elementor-button-content-wrapper\">\n\t\t\t\t\t\t<span class=\"elementor-button-icon\">\n\t\t\t\t<i aria-hidden=\"true\" class=\"icon icon-right-arrow\"><\/i>\t\t\t<\/span>\n\t\t\t\t\t\t\t\t\t<span class=\"elementor-button-text\">Proje Detaylar\u0131<\/span>\n\t\t\t\t\t<\/span>\n\t\t\t\t\t<\/a>\n\t\t\t\t\t\t\t\t<\/div>\n\t\t\t\t\t<\/div>\n\t\t<\/div>\n\t\t\t\t\t<\/div>\n\t\t<\/section>\n\t\t\t\t<section class=\"elementor-section elementor-inner-section elementor-element elementor-element-3b2a7c50 elementor-section-boxed elementor-section-height-default elementor-section-height-default\" data-id=\"3b2a7c50\" data-element_type=\"section\">\n\t\t\t\t\t\t<div class=\"elementor-container elementor-column-gap-default\">\n\t\t\t\t\t<div class=\"elementor-column elementor-col-50 elementor-inner-column elementor-element elementor-element-4cf6886 elementor-invisible\" data-id=\"4cf6886\" data-element_type=\"column\" data-settings=\"{&quot;animation&quot;:&quot;fadeIn&quot;,&quot;animation_delay&quot;:400}\">\n\t\t\t<div class=\"elementor-widget-wrap elementor-element-populated\">\n\t\t\t\t\t\t<div class=\"elementor-element elementor-element-89cc408 elementor-widget elementor-widget-image\" data-id=\"89cc408\" data-element_type=\"widget\" data-widget_type=\"image.default\">\n\t\t\t\t\t\t\t\t\t\t\t\t\t\t\t\t<a href=\"#\">\n\t\t\t\t\t\t\t<img loading=\"lazy\" decoding=\"async\" width=\"900\" height=\"900\" src=\"https:\/\/sckyachtdesign.com\/wp-content\/uploads\/2025\/08\/kalipso-e1755692006141.jpg\" class=\"attachment-full size-full wp-image-553\" alt=\"\" srcset=\"https:\/\/sckyachtdesign.com\/wp-content\/uploads\/2025\/08\/kalipso-e1755692006141.jpg 900w, https:\/\/sckyachtdesign.com\/wp-content\/uploads\/2025\/08\/kalipso-e1755692006141-300x300.jpg 300w, https:\/\/sckyachtdesign.com\/wp-content\/uploads\/2025\/08\/kalipso-e1755692006141-150x150.jpg 150w, https:\/\/sckyachtdesign.com\/wp-content\/uploads\/2025\/08\/kalipso-e1755692006141-768x768.jpg 768w\" sizes=\"(max-width: 900px) 100vw, 900px\" \/>\t\t\t\t\t\t\t\t<\/a>\n\t\t\t\t\t\t\t\t\t\t\t\t\t\t\t<\/div>\n\t\t\t\t<div class=\"elementor-element elementor-element-fa6ea67 elementor-widget elementor-widget-text-editor\" data-id=\"fa6ea67\" data-element_type=\"widget\" data-widget_type=\"text-editor.default\">\n\t\t\t\t\t\t\t\t\t<p>SCK YACHT DESIGN<\/p>\t\t\t\t\t\t\t\t<\/div>\n\t\t\t\t<div class=\"elementor-element elementor-element-3da31e9 elementor-widget__width-auto elementor-widget-mobile__width-inherit elementor-widget elementor-widget-heading\" data-id=\"3da31e9\" data-element_type=\"widget\" data-widget_type=\"heading.default\">\n\t\t\t\t\t<h3 class=\"elementor-heading-title elementor-size-default\">Yat Banyo Projesi<\/h3>\t\t\t\t<\/div>\n\t\t\t\t<div class=\"elementor-element elementor-element-1b9e77b elementor-align-left elementor-widget__width-auto elementor-widget elementor-widget-button\" data-id=\"1b9e77b\" data-element_type=\"widget\" data-widget_type=\"button.default\">\n\t\t\t\t\t\t\t\t\t\t<a class=\"elementor-button elementor-button-link elementor-size-sm\" href=\"https:\/\/sckyachtdesign.com\/tr\/yacht-bathroom-project\/\">\n\t\t\t\t\t\t<span class=\"elementor-button-content-wrapper\">\n\t\t\t\t\t\t<span class=\"elementor-button-icon\">\n\t\t\t\t<i aria-hidden=\"true\" class=\"icon icon-right-arrow\"><\/i>\t\t\t<\/span>\n\t\t\t\t\t\t\t\t\t<span class=\"elementor-button-text\">Proje Detaylar\u0131<\/span>\n\t\t\t\t\t<\/span>\n\t\t\t\t\t<\/a>\n\t\t\t\t\t\t\t\t<\/div>\n\t\t\t\t\t<\/div>\n\t\t<\/div>\n\t\t\t\t<div class=\"elementor-column elementor-col-50 elementor-inner-column elementor-element elementor-element-6027e2c0 elementor-invisible\" data-id=\"6027e2c0\" data-element_type=\"column\" data-settings=\"{&quot;animation&quot;:&quot;fadeIn&quot;,&quot;animation_delay&quot;:500}\">\n\t\t\t<div class=\"elementor-widget-wrap elementor-element-populated\">\n\t\t\t\t\t\t<div class=\"elementor-element elementor-element-76008377 elementor-widget elementor-widget-image\" data-id=\"76008377\" data-element_type=\"widget\" data-widget_type=\"image.default\">\n\t\t\t\t\t\t\t\t\t\t\t\t\t\t\t\t<a href=\"#\">\n\t\t\t\t\t\t\t<img loading=\"lazy\" decoding=\"async\" width=\"800\" height=\"600\" src=\"https:\/\/sckyachtdesign.com\/wp-content\/uploads\/2025\/08\/mengi-1024x768.jpg\" class=\"attachment-large size-large wp-image-151\" alt=\"\" srcset=\"https:\/\/sckyachtdesign.com\/wp-content\/uploads\/2025\/08\/mengi-1024x768.jpg 1024w, https:\/\/sckyachtdesign.com\/wp-content\/uploads\/2025\/08\/mengi-300x225.jpg 300w, https:\/\/sckyachtdesign.com\/wp-content\/uploads\/2025\/08\/mengi-768x576.jpg 768w, https:\/\/sckyachtdesign.com\/wp-content\/uploads\/2025\/08\/mengi-1536x1152.jpg 1536w, https:\/\/sckyachtdesign.com\/wp-content\/uploads\/2025\/08\/mengi.jpg 1600w\" sizes=\"(max-width: 800px) 100vw, 800px\" \/>\t\t\t\t\t\t\t\t<\/a>\n\t\t\t\t\t\t\t\t\t\t\t\t\t\t\t<\/div>\n\t\t\t\t<div class=\"elementor-element elementor-element-7a15b11d elementor-widget elementor-widget-text-editor\" data-id=\"7a15b11d\" data-element_type=\"widget\" data-widget_type=\"text-editor.default\">\n\t\t\t\t\t\t\t\t\t<p>SCK YACHT DESIGN<\/p>\t\t\t\t\t\t\t\t<\/div>\n\t\t\t\t<div class=\"elementor-element elementor-element-36c33c3b elementor-widget__width-auto elementor-widget-mobile__width-inherit elementor-widget elementor-widget-heading\" data-id=\"36c33c3b\" data-element_type=\"widget\" data-widget_type=\"heading.default\">\n\t\t\t\t\t<h3 class=\"elementor-heading-title elementor-size-default\">34 METRE YAT PROJES\u0130<\/h3>\t\t\t\t<\/div>\n\t\t\t\t<div class=\"elementor-element elementor-element-7d6ff7bf elementor-align-left elementor-widget__width-auto elementor-widget elementor-widget-button\" data-id=\"7d6ff7bf\" data-element_type=\"widget\" data-widget_type=\"button.default\">\n\t\t\t\t\t\t\t\t\t\t<a class=\"elementor-button elementor-button-link elementor-size-sm\" href=\"https:\/\/sckyachtdesign.com\/tr\/34-meters-yacht-project\/\">\n\t\t\t\t\t\t<span class=\"elementor-button-content-wrapper\">\n\t\t\t\t\t\t<span class=\"elementor-button-icon\">\n\t\t\t\t<i aria-hidden=\"true\" class=\"icon icon-right-arrow\"><\/i>\t\t\t<\/span>\n\t\t\t\t\t\t\t\t\t<span class=\"elementor-button-text\">Proje Detaylar\u0131<\/span>\n\t\t\t\t\t<\/span>\n\t\t\t\t\t<\/a>\n\t\t\t\t\t\t\t\t<\/div>\n\t\t\t\t\t<\/div>\n\t\t<\/div>\n\t\t\t\t\t<\/div>\n\t\t<\/section>\n\t\t\t\t\t<\/div>\n\t\t<\/div>\n\t\t\t\t\t<\/div>\n\t\t<\/section>\n\t\t\t\t<\/div>","protected":false},"excerpt":{"rendered":"<p>Our Projects Home Projects We des\u0131gn yachts to make l\u0131ves better Yacht project \u0131n progress View Project SCK YACHT DESIGN 48 METERS YACHT PROJECT View Project SCK YACHT DESIGN MOVENPICK SPA PROJECT View Project SCK YACHT DESIGN Yacht bathroom project View Project SCK YACHT DESIGN 34 METERs YACHT PROJECT View Project<\/p>","protected":false},"author":1,"featured_media":0,"parent":0,"menu_order":0,"comment_status":"closed","ping_status":"closed","template":"elementor_header_footer","meta":{"footnotes":""},"class_list":["post-533","page","type-page","status-publish","hentry"],"_links":{"self":[{"href":"https:\/\/sckyachtdesign.com\/tr\/wp-json\/wp\/v2\/pages\/533","targetHints":{"allow":["GET"]}}],"collection":[{"href":"https:\/\/sckyachtdesign.com\/tr\/wp-json\/wp\/v2\/pages"}],"about":[{"href":"https:\/\/sckyachtdesign.com\/tr\/wp-json\/wp\/v2\/types\/page"}],"author":[{"embeddable":true,"href":"https:\/\/sckyachtdesign.com\/tr\/wp-json\/wp\/v2\/users\/1"}],"replies":[{"embeddable":true,"href":"https:\/\/sckyachtdesign.com\/tr\/wp-json\/wp\/v2\/comments?post=533"}],"version-history":[{"count":0,"href":"https:\/\/sckyachtdesign.com\/tr\/wp-json\/wp\/v2\/pages\/533\/revisions"}],"wp:attachment":[{"href":"https:\/\/sckyachtdesign.com\/tr\/wp-json\/wp\/v2\/media?parent=533"}],"curies":[{"name":"wp","href":"https:\/\/api.w.org\/{rel}","templated":true}]}}